{"id":1063,"date":"2015-05-21T16:08:02","date_gmt":"2015-05-21T16:08:02","guid":{"rendered":"http:\/\/www.manchester-terriers.nl\/en\/wordpress\/?page_id=1063"},"modified":"2019-06-03T18:13:45","modified_gmt":"2019-06-03T18:13:45","slug":"manchester-terrier-buch","status":"publish","type":"page","link":"https:\/\/www.manchester-terriers.nl\/en\/wordpress\/?page_id=1063","title":{"rendered":"Manchester Terrier Buch"},"content":{"rendered":"<p style=\"text-align: center;\"><a href=\"http:\/\/www.manchester-terriers.nl\/en\/wordpress\/wp-content\/uploads\/2015\/05\/IMG_9212-2.jpg\"><img loading=\"lazy\" decoding=\"async\" class=\"aligncenter size-medium wp-image-1064\" src=\"http:\/\/www.manchester-terriers.nl\/en\/wordpress\/wp-content\/uploads\/2015\/05\/IMG_9212-2-211x300.jpg\" alt=\"IMG_9212 (2)\" width=\"211\" height=\"300\" srcset=\"https:\/\/www.manchester-terriers.nl\/en\/wordpress\/wp-content\/uploads\/2015\/05\/IMG_9212-2-211x300.jpg 211w, https:\/\/www.manchester-terriers.nl\/en\/wordpress\/wp-content\/uploads\/2015\/05\/IMG_9212-2-719x1024.jpg 719w\" sizes=\"auto, (max-width: 211px) 100vw, 211px\" \/><\/a><\/p>\n<p style=\"text-align: center;\"><span style=\"color: #000000;\">Geschrieben von Sandy Krijgsveld-Koster<\/span><\/p>\n<p style=\"text-align: justify;\"><span style=\"color: #000000;\">Seit 2003 bin ich in Besitz von Manchester Terriern. Auf meiner Suche nach wichtigen Informationen \u00fcber die Manchester Terrier und Blutlinien war ich sehr \u00fcberrascht, dass es wenig bis gar nichts \u00fcber diese wunderbare Rasse in Europa zu lesen gibt. Dies gab f\u00fcr mich den Anlass, ein holl\u00e4ndisches und ein deutsches Buch zu gestalten. Ich habe in England, Amerika, Deutschland, Belgien\u00a0und Holland recherchiert und einige Information gesammelt.<\/span><br \/>\n<span style=\"color: #000000;\"> Dieses Buch enth\u00e4lt Informationen \u00fcber die Geschichte der Manchester Terrier in England, Niederlande, Belgien und Deutschland, eine Charakter-Beschreibung, den FCI-Standard und den amerikanischen Rasse-\u00a0Standard. Weitere Kapitel sind: Die Entwicklung eines Welpen.\u00a0Pflege, Erziehung, Sozialisierung, Gesundheit, Reisen, Sport M\u00f6glichkeiten.<\/span><\/p>\n<p style=\"text-align: justify;\"><span style=\"color: #000000;\">Das Buch hat viele Farbfotos.<\/span><br \/>\n<span style=\"color: #000000;\"> ISBN: 978-94-6008-241-2<\/span><br \/>\n<span style=\"color: #000000;\"> Es besteht aus 109 Seiten im Format 14.8 x 21 cm.<\/span><\/p>\n<p style=\"text-align: justify;\"><span style=\"color: #000000;\">Einen\u00a0festen \u00a0Einband, k\u00f6nnen Sie bei uns bestellen f\u00fcr 32,50 Euro,\u00a0<strong><em>zzgl.Versandkosten<\/em><\/strong>.<br \/>\n<\/span><\/p>\n<h3><strong><span style=\"color: #ff0000;\"><a style=\"color: #ff0000;\" href=\"https:\/\/www.manchester-terriers.nl\/en\/wordpress\/?page_id=2366\" target=\"_blank\" rel=\"noopener noreferrer\">Order here<\/a><\/span><\/strong><\/h3>\n<p><span style=\"color: #993366;\"><strong>Taschenb\u00fccher<\/strong> kosten 19.50\u00a0Euro,\u00a0<strong><em>zzgl.\u00a0Versandkosten<\/em><\/strong>.<\/span><br \/>\n<span style=\"color: #993366;\"> Diese k\u00f6nnen Sie jeweils bestellen. Klicken Sie <strong><a href=\"http:\/\/www.kirjaboek.nl\/proddetail.asp?prod=boek_3217\" target=\"_blank\" rel=\"noopener noreferrer\">HIER<\/a><\/strong><\/span><\/p>\n","protected":false},"excerpt":{"rendered":"<p>Geschrieben von Sandy Krijgsveld-Koster Seit 2003 bin ich in Besitz von Manchester Terriern. Auf meiner Suche nach wichtigen Informationen \u00fcber&#8230;<\/p>\n","protected":false},"author":1,"featured_media":0,"parent":0,"menu_order":0,"comment_status":"closed","ping_status":"closed","template":"","meta":{"footnotes":""},"class_list":["post-1063","page","type-page","status-publish","hentry"],"_links":{"self":[{"href":"https:\/\/www.manchester-terriers.nl\/en\/wordpress\/index.php?rest_route=\/wp\/v2\/pages\/1063","targetHints":{"allow":["GET"]}}],"collection":[{"href":"https:\/\/www.manchester-terriers.nl\/en\/wordpress\/index.php?rest_route=\/wp\/v2\/pages"}],"about":[{"href":"https:\/\/www.manchester-terriers.nl\/en\/wordpress\/index.php?rest_route=\/wp\/v2\/types\/page"}],"author":[{"embeddable":true,"href":"https:\/\/www.manchester-terriers.nl\/en\/wordpress\/index.php?rest_route=\/wp\/v2\/users\/1"}],"replies":[{"embeddable":true,"href":"https:\/\/www.manchester-terriers.nl\/en\/wordpress\/index.php?rest_route=%2Fwp%2Fv2%2Fcomments&post=1063"}],"version-history":[{"count":14,"href":"https:\/\/www.manchester-terriers.nl\/en\/wordpress\/index.php?rest_route=\/wp\/v2\/pages\/1063\/revisions"}],"predecessor-version":[{"id":2370,"href":"https:\/\/www.manchester-terriers.nl\/en\/wordpress\/index.php?rest_route=\/wp\/v2\/pages\/1063\/revisions\/2370"}],"wp:attachment":[{"href":"https:\/\/www.manchester-terriers.nl\/en\/wordpress\/index.php?rest_route=%2Fwp%2Fv2%2Fmedia&parent=1063"}],"curies":[{"name":"wp","href":"https:\/\/api.w.org\/{rel}","templated":true}]}}